{"id":5911,"date":"2022-02-03T09:08:32","date_gmt":"2022-02-03T09:08:32","guid":{"rendered":"http:\/\/www.maskamwater.com\/?page_id=5911"},"modified":"2026-01-16T07:58:11","modified_gmt":"2026-01-16T07:58:11","slug":"xclearinox-pro-range","status":"publish","type":"page","link":"http:\/\/www.maskamwater.com\/af\/products\/blue-lagoon-4\/xclearinox-pro-range\/","title":{"rendered":"Xclear Inox Pro Reeks"},"content":{"rendered":"<div id=\"pl-5911\"  class=\"panel-layout\" ><div id=\"pg-5911-0\"  class=\"panel-grid panel-no-style\" ><div id=\"pgc-5911-0-0\"  class=\"panel-grid-cell\" ><div id=\"panel-5911-0-0-0\" class=\"so-panel widget widget_metaslider_widget panel-first-child panel-last-child\" data-index=\"0\" ><div id=\"metaslider-id-68\" style=\"width: 100%; margin: 0 auto;\" class=\"ml-slider-3-20-2 metaslider metaslider-nivo metaslider-68 ml-slider\">\n    <div id=\"metaslider_container_68\">\n        <div class='slider-wrapper theme-default'><div class='ribbon'><\/div><div id='metaslider_68' class='nivoSlider'><img src=\"http:\/\/www.maskamwater.com\/wp-content\/uploads\/2020\/12\/WebsiteBanner07-850x300.jpg\" height=\"300\" width=\"850\" title=\"WebsiteBanner07\" alt=\"\" class=\"slider-68 slide-6519\" \/><img src=\"http:\/\/www.maskamwater.com\/wp-content\/uploads\/2020\/12\/WebsiteBanner06-850x300.jpg\" height=\"300\" width=\"850\" title=\"WebsiteBanner06\" alt=\"\" class=\"slider-68 slide-6520\" \/><img src=\"http:\/\/www.maskamwater.com\/wp-content\/uploads\/2020\/12\/WebsiteBanner05-850x300.jpg\" height=\"300\" width=\"850\" title=\"WebsiteBanner05\" alt=\"\" class=\"slider-68 slide-6521\" \/><img src=\"http:\/\/www.maskamwater.com\/wp-content\/uploads\/2020\/12\/WebsiteBanner03-850x300.jpg\" height=\"300\" width=\"850\" title=\"WebsiteBanner03\" alt=\"\" class=\"slider-68 slide-6522\" \/><img src=\"http:\/\/www.maskamwater.com\/wp-content\/uploads\/2020\/11\/WebsiteBanner04-850x300.jpg\" height=\"300\" width=\"850\" title=\"WebsiteBanner04\" alt=\"\" class=\"slider-68 slide-6523\" \/><img src=\"http:\/\/www.maskamwater.com\/wp-content\/uploads\/2020\/11\/WebsiteBanner02-850x300.jpg\" height=\"300\" width=\"850\" title=\"WebsiteBanner02\" alt=\"\" class=\"slider-68 slide-6524\" \/><img src=\"http:\/\/www.maskamwater.com\/wp-content\/uploads\/2020\/11\/WebsiteBanner01-850x300.jpg\" height=\"300\" width=\"850\" title=\"WebsiteBanner01\" alt=\"\" class=\"slider-68 slide-6525\" \/><\/div><\/div>\n        \n    <\/div>\n<\/div><\/div><\/div><\/div><div id=\"pg-5911-1\"  class=\"panel-grid panel-no-style\" ><div id=\"pgc-5911-1-0\"  class=\"panel-grid-cell\" ><div id=\"panel-5911-1-0-0\" class=\"so-panel widget widget_sow-editor panel-first-child panel-last-child\" data-index=\"1\" ><div class=\"so-widget-sow-editor so-widget-sow-editor-base\"><h3 class=\"widget-title\">Xclear Inox Pro Reeks<\/h3>\n<div class=\"siteorigin-widget-tinymce textwidget\">\n\t<p>Die Inox UV-C ontsmettingstelsel is die dryfkrag vir groot (professionele) daminstallasies. Vermo\u00eb om groot damme vry van alge, bakterie\u00eb en swamme te hou. Ontwerp om maklik in groot (professionele) filterinstallasies aan te sluit. Volledige 316L vlekvrye staal liggaam vir maksimum werkverrigting en duursaamheid. Toegerus met 'n ho\u00eb kwaliteit Philips UV-C lamp. Insluitend 'n vloeiskakelaar om die lamp af te skakel wanneer daar onvoldoende watervloei is. Genereer 'n konstante, kragtige straling. Ge\u00efntegreerde timer monitor die aantal werksure akkuraat. Lampvervangingsaanduiding. Die lengte van die ontsmettingstelsel is 100 cm. 114 mm deursnee. 2\u201d manlike skroefdraadverbindings.<\/p>\n<\/div>\n<\/div><\/div><\/div><\/div><div id=\"pg-5911-2\"  class=\"panel-grid panel-no-style\" ><div id=\"pgc-5911-2-0\"  class=\"panel-grid-cell\" ><div id=\"panel-5911-2-0-0\" class=\"so-panel widget widget_sow-image panel-first-child panel-last-child\" data-index=\"2\" ><div class=\"so-widget-sow-image so-widget-sow-image-default-6b88c04c1f9b\">\n\n<div class=\"sow-image-container\">\n\t<img src=\"http:\/\/www.maskamwater.com\/wp-content\/uploads\/2022\/02\/Inox-68x300.png\" width=\"68\" height=\"300\" srcset=\"http:\/\/www.maskamwater.com\/wp-content\/uploads\/2022\/02\/Inox-68x300.png 68w, http:\/\/www.maskamwater.com\/wp-content\/uploads\/2022\/02\/Inox-600x2657.png 600w, http:\/\/www.maskamwater.com\/wp-content\/uploads\/2022\/02\/Inox-231x1024.png 231w, http:\/\/www.maskamwater.com\/wp-content\/uploads\/2022\/02\/Inox-768x3401.png 768w, http:\/\/www.maskamwater.com\/wp-content\/uploads\/2022\/02\/Inox-347x1536.png 347w, http:\/\/www.maskamwater.com\/wp-content\/uploads\/2022\/02\/Inox-463x2048.png 463w, http:\/\/www.maskamwater.com\/wp-content\/uploads\/2022\/02\/Inox-11x50.png 11w, http:\/\/www.maskamwater.com\/wp-content\/uploads\/2022\/02\/Inox.png 909w\" sizes=\"(max-width: 68px) 100vw, 68px\" alt=\"\" \t\tclass=\"so-widget-image\"\/>\n<\/div>\n\n<\/div><\/div><\/div><div id=\"pgc-5911-2-1\"  class=\"panel-grid-cell\" ><div id=\"panel-5911-2-1-0\" class=\"so-panel widget widget_sow-image panel-first-child panel-last-child\" data-index=\"3\" ><div class=\"so-widget-sow-image so-widget-sow-image-default-6b88c04c1f9b\">\n\n<div class=\"sow-image-container\">\n\t<img src=\"http:\/\/www.maskamwater.com\/wp-content\/uploads\/2022\/02\/Inox-flow-177x300.png\" width=\"177\" height=\"300\" srcset=\"http:\/\/www.maskamwater.com\/wp-content\/uploads\/2022\/02\/Inox-flow-177x300.png 177w, http:\/\/www.maskamwater.com\/wp-content\/uploads\/2022\/02\/Inox-flow-30x50.png 30w, http:\/\/www.maskamwater.com\/wp-content\/uploads\/2022\/02\/Inox-flow.png 524w\" sizes=\"(max-width: 177px) 100vw, 177px\" title=\"Inox vloei\" alt=\"\" \t\tclass=\"so-widget-image\"\/>\n<\/div>\n\n<\/div><\/div><\/div><div id=\"pgc-5911-2-2\"  class=\"panel-grid-cell\" ><div id=\"panel-5911-2-2-0\" class=\"so-panel widget widget_sow-image panel-first-child panel-last-child\" data-index=\"4\" ><div class=\"so-widget-sow-image so-widget-sow-image-default-6b88c04c1f9b\">\n\n<div class=\"sow-image-container\">\n\t<img src=\"http:\/\/www.maskamwater.com\/wp-content\/uploads\/2022\/02\/Inox-spare-parts-89x300.png\" width=\"89\" height=\"300\" srcset=\"http:\/\/www.maskamwater.com\/wp-content\/uploads\/2022\/02\/Inox-spare-parts-89x300.png 89w, http:\/\/www.maskamwater.com\/wp-content\/uploads\/2022\/02\/Inox-spare-parts-303x1024.png 303w, http:\/\/www.maskamwater.com\/wp-content\/uploads\/2022\/02\/Inox-spare-parts-15x50.png 15w, http:\/\/www.maskamwater.com\/wp-content\/uploads\/2022\/02\/Inox-spare-parts.png 445w\" sizes=\"(max-width: 89px) 100vw, 89px\" title=\"Inox onderdele\" alt=\"\" \t\tclass=\"so-widget-image\"\/>\n<\/div>\n\n<\/div><\/div><\/div><\/div><div id=\"pg-5911-3\"  class=\"panel-grid panel-no-style\" ><div id=\"pgc-5911-3-0\"  class=\"panel-grid-cell\" ><div id=\"panel-5911-3-0-0\" class=\"so-panel widget widget_sow-editor panel-first-child panel-last-child\" data-index=\"5\" ><div class=\"so-widget-sow-editor so-widget-sow-editor-base\">\n<div class=\"siteorigin-widget-tinymce textwidget\">\n\t<table id=\"tablepress-23\" class=\"tablepress tablepress-id-23\">\n<tbody class=\"row-hover\">\n<tr class=\"row-1 odd\">\n<td class=\"column-1\">Item No<\/td>\n<td class=\"column-2\">Tipe<\/td>\n<td class=\"column-3\">UV-C Lamp<\/td>\n<td class=\"column-4\">Dam Volume<\/td>\n<td class=\"column-5\">Max Vloei<\/td>\n<td class=\"column-6\">Maks Druk<\/td>\n<\/tr>\n<tr class=\"row-2 even\">\n<td class=\"column-1\">XP02752<\/td>\n<td class=\"column-2\">Inox UV-C 75w<\/td>\n<td class=\"column-3\">75 watt T5<\/td>\n<td class=\"column-4\">75.000 L<\/td>\n<td class=\"column-5\">20.000 L\/h<\/td>\n<td class=\"column-6\">5 Bar<\/td>\n<\/tr>\n<tr class=\"row-3 odd\">\n<td class=\"column-1\">XP02132<\/td>\n<td class=\"column-2\">Inox UV-C 130w<\/td>\n<td class=\"column-3\">130 watt T6 Amalgaam<\/td>\n<td class=\"column-4\">130.000 L<\/td>\n<td class=\"column-5\">40.000 L\/h<\/td>\n<td class=\"column-6\">5 Bar<\/td>\n<\/tr>\n<\/tbody>\n<\/table>\n<p><!-- #tablepress-23 from cache --><\/p>\n<\/div>\n<\/div><\/div><\/div><\/div><div id=\"pg-5911-4\"  class=\"panel-grid panel-no-style\" ><div id=\"pgc-5911-4-0\"  class=\"panel-grid-cell\" ><div id=\"panel-5911-4-0-0\" class=\"so-panel widget widget_sow-editor panel-first-child panel-last-child\" data-index=\"6\" ><div class=\"so-widget-sow-editor so-widget-sow-editor-base\"><h3 class=\"widget-title\">UV-C PRO 3L<\/h3>\n<div class=\"siteorigin-widget-tinymce textwidget\">\n\t<p>Die Xclear UVC Pro 3L is toegerus met 'n totale 316 L vlekvrye staal behuising en 'n 34' manlike skroefdraadverbinding. Die ontwerp van die behuising sorg vir 'n optimale installasie buigsaamheid. In die Xclear UVC Pro 3L word 'n UVC-straling van 253,7min golflengte gegenereer met 'n spesiale UV-lamp. Alge, bakterie\u00eb en patogene kry geen kans om te ontwikkel nie (onder andere die legionella-bakterie\u00eb). Die Xclear UVC Pro 3L word voorsien van 'n ho\u00ebfrekwensie-transformator. Hierdie transformator voorkom stroomskommelings om die lamp te beskerm. Die binneste behuising 316L vlekvrye staal weerspie\u00ebl UV-straling vir ongeveer 35% meer doeltreffendheid. Hierdie lampe is ook geskik vir gebruik in professionele gebiede soos landbou\/tuinbou, nywerheid en waterbehandeling. Lengte: 93 cm.<\/p>\n<\/div>\n<\/div><\/div><\/div><\/div><div id=\"pg-5911-5\"  class=\"panel-grid panel-no-style\" ><div id=\"pgc-5911-5-0\"  class=\"panel-grid-cell\" ><div id=\"panel-5911-5-0-0\" class=\"so-panel widget widget_sow-image panel-first-child panel-last-child\" data-index=\"7\" ><div class=\"so-widget-sow-image so-widget-sow-image-default-6b88c04c1f9b\">\n\n<div class=\"sow-image-container\">\n\t<img src=\"http:\/\/www.maskamwater.com\/wp-content\/uploads\/2022\/02\/t5.png\" width=\"870\" height=\"379\" srcset=\"http:\/\/www.maskamwater.com\/wp-content\/uploads\/2022\/02\/t5.png 870w, http:\/\/www.maskamwater.com\/wp-content\/uploads\/2022\/02\/t5-600x261.png 600w, http:\/\/www.maskamwater.com\/wp-content\/uploads\/2022\/02\/t5-300x131.png 300w, http:\/\/www.maskamwater.com\/wp-content\/uploads\/2022\/02\/t5-768x335.png 768w, http:\/\/www.maskamwater.com\/wp-content\/uploads\/2022\/02\/t5-50x22.png 50w\" sizes=\"(max-width: 870px) 100vw, 870px\" alt=\"\" \t\tclass=\"so-widget-image\"\/>\n<\/div>\n\n<\/div><\/div><\/div><\/div><div id=\"pg-5911-6\"  class=\"panel-grid panel-no-style\" ><div id=\"pgc-5911-6-0\"  class=\"panel-grid-cell\" ><div id=\"panel-5911-6-0-0\" class=\"so-panel widget widget_sow-editor panel-first-child panel-last-child\" data-index=\"8\" ><div class=\"so-widget-sow-editor so-widget-sow-editor-base\">\n<div class=\"siteorigin-widget-tinymce textwidget\">\n\t<table id=\"tablepress-24\" class=\"tablepress tablepress-id-24\">\n<tbody class=\"row-hover\">\n<tr class=\"row-1 odd\">\n<td class=\"column-1\">Items Nie.<\/td>\n<td class=\"column-2\">Tipe<\/td>\n<td class=\"column-3\">UV-C Lamp<\/td>\n<td class=\"column-4\">UV-C Uitset<\/td>\n<td class=\"column-5\">Dam Inhoud<\/td>\n<td class=\"column-6\">Max. Vloei<\/td>\n<td class=\"column-7\">Max. Druk.<\/td>\n<\/tr>\n<tr class=\"row-2 even\">\n<td class=\"column-1\">3100780<\/td>\n<td class=\"column-2\">UV-C Pro 3L<\/td>\n<td class=\"column-3\">40 Watt<\/td>\n<td class=\"column-4\">15.000 mW<\/td>\n<td class=\"column-5\">40.000 L<\/td>\n<td class=\"column-6\">2.500 l\/h<\/td>\n<td class=\"column-7\">5 Bar<\/td>\n<\/tr>\n<tr class=\"row-3 odd\">\n<td class=\"column-1\">3100781<\/td>\n<td class=\"column-2\">UV-C Pro 3L<\/td>\n<td class=\"column-3\">75 Watt<\/td>\n<td class=\"column-4\">25.000 mW<\/td>\n<td class=\"column-5\">75.000 L<\/td>\n<td class=\"column-6\">2.500 l\/h<\/td>\n<td class=\"column-7\">5 Bar<\/td>\n<\/tr>\n<\/tbody>\n<\/table>\n<p><!-- #tablepress-24 from cache --><\/p>\n<\/div>\n<\/div><\/div><\/div><\/div><div id=\"pg-5911-7\"  class=\"panel-grid panel-no-style\" ><div id=\"pgc-5911-7-0\"  class=\"panel-grid-cell\" ><div id=\"panel-5911-7-0-0\" class=\"so-panel widget widget_sow-editor panel-first-child panel-last-child\" data-index=\"9\" ><div class=\"so-widget-sow-editor so-widget-sow-editor-base\"><h3 class=\"widget-title\">Downloads<\/h3>\n<div class=\"siteorigin-widget-tinymce textwidget\">\n\t<ul>\n<li><a href=\"http:\/\/www.maskamwater.com\/wp-content\/uploads\/2023\/06\/vge-pro-catalogus-2023-en.pdf\" target=\"_blank\" rel=\"noopener\">VGE Pro catalogue<\/a><\/li>\n<li><a href=\"http:\/\/www.maskamwater.com\/wp-content\/uploads\/2022\/01\/VGED001-GB210-VGE-Pro-UV-INOX-LP-dimensions.pdf\" target=\"_blank\" rel=\"noopener\">VGE Pro UV INOX LP<\/a><\/li>\n<li><a href=\"http:\/\/www.maskamwater.com\/wp-content\/uploads\/2022\/01\/VGED008-GB210-VGE-Pro-UV-INOX-LP-Technical-datasheet.pdf\" target=\"_blank\" rel=\"noopener\">VGE Pro UV INOX LP Tegnologie Vel<\/a><\/li>\n<li><a href=\"http:\/\/www.maskamwater.com\/wp-content\/uploads\/2022\/01\/VGED002-GB203-VGE-Pro-UV-HDPE-LP-dimensions.pdf\" target=\"_blank\" rel=\"noopener\">VGE Pro UV HDPE LP<\/a><\/li>\n<li><a href=\"http:\/\/www.maskamwater.com\/wp-content\/uploads\/2022\/01\/VGED009-GB205-VGE-Pro-UV-HDPE-LP-Technical-datasheet.pdf\" target=\"_blank\" rel=\"noopener\">VGE Pro UV HDPE LP Tegnologie Vel<\/a><\/li>\n<li><a href=\"http:\/\/www.maskamwater.com\/wp-content\/uploads\/2022\/01\/VGED003-GB200-VGE-Pro-UV-3S-3L-dimensions.pdf\" target=\"_blank\" rel=\"noopener\">VGE Pro UV 3S-3L<\/a><\/li>\n<li><a href=\"http:\/\/www.maskamwater.com\/wp-content\/uploads\/2022\/01\/VGED004-GB211-VGE-Pro-UV-LP-dimensions-control-panels.pdf\" target=\"_blank\" rel=\"noopener\">VGE Pro UV LP<\/a><\/li>\n<li><a href=\"http:\/\/www.maskamwater.com\/wp-content\/uploads\/2022\/01\/VGED005-GB200-VGE-Pro-UV-INOX-Immersion-dimensions.pdf\" target=\"_blank\" rel=\"noopener\">VGE Pro UV INOX<\/a><\/li>\n<li><a href=\"http:\/\/www.maskamwater.com\/wp-content\/uploads\/2022\/01\/VGED006-GB201-VGE-Pro-UV-MP-dimensions.pdf\" target=\"_blank\" rel=\"noopener\">VGE Pro UV MP<\/a><\/li>\n<li><a href=\"http:\/\/www.maskamwater.com\/wp-content\/uploads\/2022\/01\/VGED014-GB204-VGE-Pro-UV-Flex-dimensions.pdf\" target=\"_blank\" rel=\"noopener\">VGE Pro UV Flex<\/a><\/li>\n<li><a href=\"http:\/\/www.maskamwater.com\/wp-content\/uploads\/2022\/01\/VGED015-GB200-VGE-Pro-UV-INOX-Float-dimensions.pdf\" target=\"_blank\" rel=\"noopener\">VGE Pro UV INOX Dryf<\/a><\/li>\n<\/ul>\n<p>&nbsp;<\/p>\n<p><span style=\"color: #ffffff;\">INOX inox HDPE hdpe 3s-3l 3S-3L LP lp LP lp Flex FLEX flex dryf DRYF GB210 gb210 GB203 gb203 GB200 gb200 gb211 GB211 GB205 gb205 GB204 gb204 VGE PRO pro Pro<\/span><\/p>\n<\/div>\n<\/div><\/div><\/div><\/div><\/div>","protected":false},"excerpt":{"rendered":"<p>The Inox UV-C disinfection system is the driving force for large (professional) pond installations. Ability to keep large ponds free of algae, bacteria and fungi. Designed to connect easily in large (professional) filter installations. Full 316L stainless steel body for<\/p>","protected":false},"author":3,"featured_media":0,"parent":629,"menu_order":0,"comment_status":"closed","ping_status":"closed","template":"","meta":{"_monsterinsights_skip_tracking":false,"_monsterinsights_sitenote_active":false,"_monsterinsights_sitenote_note":"","_monsterinsights_sitenote_category":0},"wppr_data":{"cwp_meta_box_check":"No"},"_links":{"self":[{"href":"http:\/\/www.maskamwater.com\/af\/wp-json\/wp\/v2\/pages\/5911"}],"collection":[{"href":"http:\/\/www.maskamwater.com\/af\/wp-json\/wp\/v2\/pages"}],"about":[{"href":"http:\/\/www.maskamwater.com\/af\/wp-json\/wp\/v2\/types\/page"}],"author":[{"embeddable":true,"href":"http:\/\/www.maskamwater.com\/af\/wp-json\/wp\/v2\/users\/3"}],"replies":[{"embeddable":true,"href":"http:\/\/www.maskamwater.com\/af\/wp-json\/wp\/v2\/comments?post=5911"}],"version-history":[{"count":17,"href":"http:\/\/www.maskamwater.com\/af\/wp-json\/wp\/v2\/pages\/5911\/revisions"}],"predecessor-version":[{"id":8165,"href":"http:\/\/www.maskamwater.com\/af\/wp-json\/wp\/v2\/pages\/5911\/revisions\/8165"}],"up":[{"embeddable":true,"href":"http:\/\/www.maskamwater.com\/af\/wp-json\/wp\/v2\/pages\/629"}],"wp:attachment":[{"href":"http:\/\/www.maskamwater.com\/af\/wp-json\/wp\/v2\/media?parent=5911"}],"curies":[{"name":"wp","href":"https:\/\/api.w.org\/{rel}","templated":true}]}}