{"id":1228,"date":"2017-01-18T12:39:48","date_gmt":"2017-01-18T12:39:48","guid":{"rendered":"http:\/\/www.maskamwater.com\/?page_id=1228"},"modified":"2021-02-06T19:31:02","modified_gmt":"2021-02-06T19:31:02","slug":"xclear-uv-c-lamps","status":"publish","type":"page","link":"http:\/\/www.maskamwater.com\/af\/products\/xclear-uv-c\/xclear-uv-c-lamps\/","title":{"rendered":"XClear \u2013 UV-C Lampe"},"content":{"rendered":"<div id=\"pl-1228\"  class=\"panel-layout\" ><div id=\"pg-1228-0\"  class=\"panel-grid panel-no-style\" ><div id=\"pgc-1228-0-0\"  class=\"panel-grid-cell\" ><div id=\"panel-1228-0-0-0\" class=\"so-panel widget widget_metaslider_widget panel-first-child panel-last-child\" data-index=\"0\" ><div id=\"metaslider-id-68\" style=\"width: 100%; margin: 0 auto;\" class=\"ml-slider-3-20-2 metaslider metaslider-nivo metaslider-68 ml-slider\">\n    <div id=\"metaslider_container_68\">\n        <div class='slider-wrapper theme-default'><div class='ribbon'><\/div><div id='metaslider_68' class='nivoSlider'><img src=\"http:\/\/www.maskamwater.com\/wp-content\/uploads\/2020\/12\/WebsiteBanner07-850x300.jpg\" height=\"300\" width=\"850\" title=\"WebsiteBanner07\" alt=\"\" class=\"slider-68 slide-6519\" \/><img src=\"http:\/\/www.maskamwater.com\/wp-content\/uploads\/2020\/12\/WebsiteBanner06-850x300.jpg\" height=\"300\" width=\"850\" title=\"WebsiteBanner06\" alt=\"\" class=\"slider-68 slide-6520\" \/><img src=\"http:\/\/www.maskamwater.com\/wp-content\/uploads\/2020\/12\/WebsiteBanner05-850x300.jpg\" height=\"300\" width=\"850\" title=\"WebsiteBanner05\" alt=\"\" class=\"slider-68 slide-6521\" \/><img src=\"http:\/\/www.maskamwater.com\/wp-content\/uploads\/2020\/12\/WebsiteBanner03-850x300.jpg\" height=\"300\" width=\"850\" title=\"WebsiteBanner03\" alt=\"\" class=\"slider-68 slide-6522\" \/><img src=\"http:\/\/www.maskamwater.com\/wp-content\/uploads\/2020\/11\/WebsiteBanner04-850x300.jpg\" height=\"300\" width=\"850\" title=\"WebsiteBanner04\" alt=\"\" class=\"slider-68 slide-6523\" \/><img src=\"http:\/\/www.maskamwater.com\/wp-content\/uploads\/2020\/11\/WebsiteBanner02-850x300.jpg\" height=\"300\" width=\"850\" title=\"WebsiteBanner02\" alt=\"\" class=\"slider-68 slide-6524\" \/><img src=\"http:\/\/www.maskamwater.com\/wp-content\/uploads\/2020\/11\/WebsiteBanner01-850x300.jpg\" height=\"300\" width=\"850\" title=\"WebsiteBanner01\" alt=\"\" class=\"slider-68 slide-6525\" \/><\/div><\/div>\n        \n    <\/div>\n<\/div><\/div><\/div><\/div><div id=\"pg-1228-1\"  class=\"panel-grid panel-no-style\" ><div id=\"pgc-1228-1-0\"  class=\"panel-grid-cell\" ><div id=\"panel-1228-1-0-0\" class=\"so-panel widget widget_sow-editor panel-first-child\" data-index=\"1\" ><div class=\"so-widget-sow-editor so-widget-sow-editor-base\"><h3 class=\"widget-title\">XClear - UV-C Lampe<\/h3>\n<div class=\"siteorigin-widget-tinymce textwidget\">\n\t<p>Die lampe in&#039;n UV-C reiniger moet vervang word jaarliks vir optimale ontsmetting optredes. Te vervang hierdie lampe, VGE International het&#039;n wye verskeidenheid van ho\u00eb gehalte UV-C lampe vir byna alle UV-C suiwer. Vir die professionele mark dit is ook moontlik om te lewer spesiale ho\u00eb gehalte lampe met&#039;n ho\u00ebr wattage. Byvoorbeeld lampe van 325 en 400 watt.\u00a0<\/p>\n<\/div>\n<\/div><\/div><div id=\"panel-1228-1-0-1\" class=\"so-panel widget widget_sow-editor panel-last-child\" data-index=\"2\" ><div class=\"so-widget-sow-editor so-widget-sow-editor-base\">\n<div class=\"siteorigin-widget-tinymce textwidget\">\n\t<h5>Oorsig van X Duidelik UV-C Lampe<\/h5>\n<\/div>\n<\/div><\/div><\/div><\/div><div id=\"pg-1228-2\"  class=\"panel-grid panel-no-style\" ><div id=\"pgc-1228-2-0\"  class=\"panel-grid-cell\" ><div id=\"panel-1228-2-0-0\" class=\"so-panel widget widget_sow-image panel-first-child panel-last-child\" data-index=\"3\" ><div class=\"so-widget-sow-image so-widget-sow-image-default-d6014b76747a\">\n\n<div class=\"sow-image-container\">\n\t<img src=\"http:\/\/www.maskamwater.com\/wp-content\/uploads\/2016\/12\/D-Philips-Smart-Cap-lamp-150x150.jpg\" width=\"150\" height=\"150\" srcset=\"http:\/\/www.maskamwater.com\/wp-content\/uploads\/2016\/12\/D-Philips-Smart-Cap-lamp-150x150.jpg 150w, http:\/\/www.maskamwater.com\/wp-content\/uploads\/2016\/12\/D-Philips-Smart-Cap-lamp-150x150-100x100.jpg 100w, http:\/\/www.maskamwater.com\/wp-content\/uploads\/2016\/12\/D-Philips-Smart-Cap-lamp-150x150-50x50.jpg 50w\" sizes=\"(max-width: 150px) 100vw, 150px\" title=\"d-philips-smart-cap-lamp-150\u00d7150\" alt=\"philips smart cap lamp\" \t\tclass=\"so-widget-image\"\/>\n<\/div>\n\n<\/div><\/div><\/div><div id=\"pgc-1228-2-1\"  class=\"panel-grid-cell\" ><div id=\"panel-1228-2-1-0\" class=\"so-panel widget widget_sow-editor panel-first-child panel-last-child\" data-index=\"4\" ><div class=\"so-widget-sow-editor so-widget-sow-editor-base\">\n<div class=\"siteorigin-widget-tinymce textwidget\">\n\t<p>Die <strong>PHILIPS SMART CAP<\/strong> tegnologie is&#039;n nuwe ontwikkeling vir optimale veiligheid! Die lamp voet en die pas, wat gaan in die behuising van die lamp, is beide voorsien met&#039;n veiligheid-skakelaar. So gou As die lamp is geneem uit van die behuising, die kragtoevoer onderbreek. Dus sal jy nie in staat wees om te kyk na die brandende UVC-lamp. Hierdie waarborg optimale veiligheid tydens die onderhoud.<br \/>\u00a0\u00a0<\/p>\n<\/div>\n<\/div><\/div><\/div><\/div><div id=\"pg-1228-3\"  class=\"panel-grid panel-no-style\" ><div id=\"pgc-1228-3-0\"  class=\"panel-grid-cell\" ><div id=\"panel-1228-3-0-0\" class=\"so-panel widget widget_sow-editor panel-first-child panel-last-child\" data-index=\"5\" ><div class=\"so-widget-sow-editor so-widget-sow-editor-base\">\n<div class=\"siteorigin-widget-tinymce textwidget\">\n\t<p><strong>T5 LAMPE<\/strong> is enkele ge\u00ebindig UV-C (kiemwerende) lampe gebruik in professionele water en <a href=\"http:\/\/www.maskamwater.com\/af\/temp\/products\/aetaire\/\" target=\"_blank\">lug ontsmetting eenhede<\/a>. Die klein 16 mm deursnee van die lamp kan vir&#039;n klein stelsel ontwerp en ontwerp buigsaamheid. T5 lampe bied byna konstante UV uitset oor hul leeftyd voltooi, vir&#039;n maksimum sekuriteit van ontsmetting en&#039;n ho\u00eb stelsel doeltreffendheid.<\/p>\n<\/div>\n<\/div><\/div><\/div><div id=\"pgc-1228-3-1\"  class=\"panel-grid-cell\" ><div id=\"panel-1228-3-1-0\" class=\"so-panel widget widget_sow-image panel-first-child panel-last-child\" data-index=\"6\" ><div class=\"so-widget-sow-image so-widget-sow-image-default-d6014b76747a\">\n\n<div class=\"sow-image-container\">\n\t<img src=\"http:\/\/www.maskamwater.com\/wp-content\/uploads\/2016\/12\/C-T5-lamps-150x150.jpg\" width=\"150\" height=\"150\" srcset=\"http:\/\/www.maskamwater.com\/wp-content\/uploads\/2016\/12\/C-T5-lamps-150x150.jpg 150w, http:\/\/www.maskamwater.com\/wp-content\/uploads\/2016\/12\/C-T5-lamps-150x150-100x100.jpg 100w, http:\/\/www.maskamwater.com\/wp-content\/uploads\/2016\/12\/C-T5-lamps-150x150-50x50.jpg 50w\" sizes=\"(max-width: 150px) 100vw, 150px\" title=\"c-t5-lampe-150\u00d7150\" alt=\"Blue Lagoon T5 Lamps\" \t\tclass=\"so-widget-image\"\/>\n<\/div>\n\n<\/div><\/div><\/div><\/div><div id=\"pg-1228-4\"  class=\"panel-grid panel-no-style\" ><div id=\"pgc-1228-4-0\"  class=\"panel-grid-cell\" ><div id=\"panel-1228-4-0-0\" class=\"so-panel widget widget_sow-image panel-first-child panel-last-child\" data-index=\"7\" ><div class=\"so-widget-sow-image so-widget-sow-image-default-d6014b76747a\">\n\n<div class=\"sow-image-container\">\n\t<img src=\"http:\/\/www.maskamwater.com\/wp-content\/uploads\/2016\/12\/A-PL-S-lamp-150x150.jpg\" width=\"150\" height=\"150\" srcset=\"http:\/\/www.maskamwater.com\/wp-content\/uploads\/2016\/12\/A-PL-S-lamp-150x150.jpg 150w, http:\/\/www.maskamwater.com\/wp-content\/uploads\/2016\/12\/A-PL-S-lamp-150x150-100x100.jpg 100w, http:\/\/www.maskamwater.com\/wp-content\/uploads\/2016\/12\/A-PL-S-lamp-150x150-50x50.jpg 50w\" sizes=\"(max-width: 150px) 100vw, 150px\" title=\"a-pl-s-lamp-150\u00d7150\" alt=\"Blue Lagoon PL-S lamps\" \t\tclass=\"so-widget-image\"\/>\n<\/div>\n\n<\/div><\/div><\/div><div id=\"pgc-1228-4-1\"  class=\"panel-grid-cell\" ><div id=\"panel-1228-4-1-0\" class=\"so-panel widget widget_sow-editor panel-first-child panel-last-child\" data-index=\"8\" ><div class=\"so-widget-sow-editor so-widget-sow-editor-base\">\n<div class=\"siteorigin-widget-tinymce textwidget\">\n\t<p><strong>PL-S LAMPE<\/strong> is kompak UV-C (kiemwerende) lampe gebruik in residensi\u00eble water en lug ontsmetting eenhede. Die kompakte grootte van die lamp kan vir&#039;n klein stelsel ontwerp en ontwerp buigsaamheid. Te danke aan die enkel-ge\u00ebindig lamp basis, lamp vervanging is maklik.<br \/>\u00a0\u00a0<\/p>\n<\/div>\n<\/div><\/div><\/div><\/div><div id=\"pg-1228-5\"  class=\"panel-grid panel-no-style\" ><div id=\"pgc-1228-5-0\"  class=\"panel-grid-cell\" ><div id=\"panel-1228-5-0-0\" class=\"so-panel widget widget_sow-editor panel-first-child panel-last-child\" data-index=\"9\" ><div class=\"so-widget-sow-editor so-widget-sow-editor-base\">\n<div class=\"siteorigin-widget-tinymce textwidget\">\n\t<p><strong>PL-L LAMPE<\/strong> is kompak UVC (kiemwerende) lampe gebruik in water en in die lug ontsmetting eenhede. Die kompakte grootte van die lamp kan vir&#039;n klein stelsel ontwerp en ontwerp buigsaamheid. Te danke aan die enkel-ge\u00ebindig lamp basis, lamp vervanging is maklik.<\/p>\n<\/div>\n<\/div><\/div><\/div><div id=\"pgc-1228-5-1\"  class=\"panel-grid-cell\" ><div id=\"panel-1228-5-1-0\" class=\"so-panel widget widget_sow-image panel-first-child panel-last-child\" data-index=\"10\" ><div class=\"so-widget-sow-image so-widget-sow-image-default-d6014b76747a\">\n\n<div class=\"sow-image-container\">\n\t<img src=\"http:\/\/www.maskamwater.com\/wp-content\/uploads\/2016\/12\/B-PL-L-lamp-150x150.jpg\" width=\"150\" height=\"150\" srcset=\"http:\/\/www.maskamwater.com\/wp-content\/uploads\/2016\/12\/B-PL-L-lamp-150x150.jpg 150w, http:\/\/www.maskamwater.com\/wp-content\/uploads\/2016\/12\/B-PL-L-lamp-150x150-100x100.jpg 100w, http:\/\/www.maskamwater.com\/wp-content\/uploads\/2016\/12\/B-PL-L-lamp-150x150-50x50.jpg 50w\" sizes=\"(max-width: 150px) 100vw, 150px\" title=\"b-pl-l-lamp-150\u00d7150\" alt=\"Blue Lagoon PL-L Lamps\" \t\tclass=\"so-widget-image\"\/>\n<\/div>\n\n<\/div><\/div><\/div><\/div><div id=\"pg-1228-6\"  class=\"panel-grid panel-no-style\" ><div id=\"pgc-1228-6-0\"  class=\"panel-grid-cell\" ><div id=\"panel-1228-6-0-0\" class=\"so-panel widget widget_sow-image panel-first-child panel-last-child\" data-index=\"11\" ><div class=\"so-widget-sow-image so-widget-sow-image-default-d6014b76747a\">\n\n<div class=\"sow-image-container\">\n\t<img src=\"http:\/\/www.maskamwater.com\/wp-content\/uploads\/2016\/12\/TL-Lamp-Mini-150x150.jpg\" width=\"150\" height=\"150\" srcset=\"http:\/\/www.maskamwater.com\/wp-content\/uploads\/2016\/12\/TL-Lamp-Mini-150x150.jpg 150w, http:\/\/www.maskamwater.com\/wp-content\/uploads\/2016\/12\/TL-Lamp-Mini-150x150-100x100.jpg 100w, http:\/\/www.maskamwater.com\/wp-content\/uploads\/2016\/12\/TL-Lamp-Mini-150x150-50x50.jpg 50w\" sizes=\"(max-width: 150px) 100vw, 150px\" title=\"tl-lamp-mini-150\u00d7150\" alt=\"Blue Lagoon TL MINI LAMPS\" \t\tclass=\"so-widget-image\"\/>\n<\/div>\n\n<\/div><\/div><\/div><div id=\"pgc-1228-6-1\"  class=\"panel-grid-cell\" ><div id=\"panel-1228-6-1-0\" class=\"so-panel widget widget_sow-editor panel-first-child panel-last-child\" data-index=\"12\" ><div class=\"so-widget-sow-editor so-widget-sow-editor-base\">\n<div class=\"siteorigin-widget-tinymce textwidget\">\n\t<p><strong>TL MINI LAMPE<\/strong> is skraal dubbel-ge\u00ebindig UVC (kiemwerende) lampe gebruik in residensi\u00eble water en lug ontsmetting eenhede. Die klein 16 mm deursnee van die lamp kan vir&#039;n klein stelsel ontwerp en ontwerp buigsaamheid.<\/p>\n<\/div>\n<\/div><\/div><\/div><\/div><div id=\"pg-1228-7\"  class=\"panel-grid panel-no-style\" ><div id=\"pgc-1228-7-0\"  class=\"panel-grid-cell\" ><div id=\"panel-1228-7-0-0\" class=\"so-panel widget widget_sow-editor panel-first-child panel-last-child\" data-index=\"13\" ><div class=\"so-widget-sow-editor so-widget-sow-editor-base\">\n<div class=\"siteorigin-widget-tinymce textwidget\">\n\t<p><strong>TL LAMPE<\/strong> is dubbel-ge\u00ebindig UVC (kiemwerende) lampe gebruik in professionele lug ontsmetting eenhede. Verder, hulle het&#039;n lang en betroubare leeftyd, wat toelaat dat die onderhoud te beplan word vir vooraf.<\/p>\n<\/div>\n<\/div><\/div><\/div><div id=\"pgc-1228-7-1\"  class=\"panel-grid-cell\" ><div id=\"panel-1228-7-1-0\" class=\"so-panel widget widget_sow-image panel-first-child panel-last-child\" data-index=\"14\" ><div class=\"so-widget-sow-image so-widget-sow-image-default-d6014b76747a\">\n\n<div class=\"sow-image-container\">\n\t<img src=\"http:\/\/www.maskamwater.com\/wp-content\/uploads\/2016\/12\/I-TL-lamp-150x150.jpg\" width=\"150\" height=\"150\" srcset=\"http:\/\/www.maskamwater.com\/wp-content\/uploads\/2016\/12\/I-TL-lamp-150x150.jpg 150w, http:\/\/www.maskamwater.com\/wp-content\/uploads\/2016\/12\/I-TL-lamp-150x150-100x100.jpg 100w, http:\/\/www.maskamwater.com\/wp-content\/uploads\/2016\/12\/I-TL-lamp-150x150-50x50.jpg 50w\" sizes=\"(max-width: 150px) 100vw, 150px\" title=\"ek-tl-lamp-150\u00d7150\" alt=\"Blue Lagoon TL LAMPS\" \t\tclass=\"so-widget-image\"\/>\n<\/div>\n\n<\/div><\/div><\/div><\/div><div id=\"pg-1228-8\"  class=\"panel-grid panel-no-style\" ><div id=\"pgc-1228-8-0\"  class=\"panel-grid-cell\" ><div id=\"panel-1228-8-0-0\" class=\"so-panel widget widget_sow-image panel-first-child panel-last-child\" data-index=\"15\" ><div class=\"so-widget-sow-image so-widget-sow-image-default-d6014b76747a\">\n\n<div class=\"sow-image-container\">\n\t<img src=\"http:\/\/www.maskamwater.com\/wp-content\/uploads\/2016\/12\/E-T6-lamps-150x150.jpg\" width=\"150\" height=\"150\" srcset=\"http:\/\/www.maskamwater.com\/wp-content\/uploads\/2016\/12\/E-T6-lamps-150x150.jpg 150w, http:\/\/www.maskamwater.com\/wp-content\/uploads\/2016\/12\/E-T6-lamps-150x150-100x100.jpg 100w, http:\/\/www.maskamwater.com\/wp-content\/uploads\/2016\/12\/E-T6-lamps-150x150-50x50.jpg 50w\" sizes=\"(max-width: 150px) 100vw, 150px\" title=\"e-t6-lampe-150\u00d7150\" alt=\"PHILIPS T6 TUV AMALGAM XPT\" \t\tclass=\"so-widget-image\"\/>\n<\/div>\n\n<\/div><\/div><\/div><div id=\"pgc-1228-8-1\"  class=\"panel-grid-cell\" ><div id=\"panel-1228-8-1-0\" class=\"so-panel widget widget_sow-editor panel-first-child panel-last-child\" data-index=\"16\" ><div class=\"so-widget-sow-editor so-widget-sow-editor-base\">\n<div class=\"siteorigin-widget-tinymce textwidget\">\n\t<p><strong>PHILIPS T6 TUV AMALGAAM XPT<\/strong> die stelsel bestaan uit&#039;n elektroniese bestuurder wat werk een TUV Amalgaam XPT lamp, gemonteer in&#039;n mou. Die elektriese spesifikasies is op maat van die lamp, te verseker dat&#039;n optimale prestasie van die Philips TUV Amalgaam XPT stelsel. Danksy uitgebreide toetsing voor&#039;n lamp van die stelsel vrygestel word, kan ons verseker dat die maksimum betroubaarheid en&#039;n lang leeftyd.<\/p>\n<\/div>\n<\/div><\/div><\/div><\/div><div id=\"pg-1228-9\"  class=\"panel-grid panel-no-style\" ><div id=\"pgc-1228-9-0\"  class=\"panel-grid-cell\" ><div id=\"panel-1228-9-0-0\" class=\"so-panel widget widget_sow-editor panel-first-child panel-last-child\" data-index=\"17\" ><div class=\"so-widget-sow-editor so-widget-sow-editor-base\">\n<div class=\"siteorigin-widget-tinymce textwidget\">\n\t<p><strong>DIE (SMART PEN-TEGNOLOGIE)\u00a0<\/strong>SPT maak dit moontlik om te vervang die lamp veilig, hoewel die stelsel bly<br \/>gevul met water. As die lamp is verkeerdelik nie afgeskakel tydens die vervanging, sal dit skakel outomaties af so gou as wat dit is verwyder uit die socket. As gevolg van die se\u00ebl tussen die lamp socket en lamp, die stelsel kan gebruik word in situasies waar IPx4 word vereis. Die ho\u00eb-gehalte keramiek is&#039;n uitstekende elektriese isolator en is bestand teen<br \/>roes. &#039;n visuele waarneming van die werking van die lamp is geen probleem deur middel van verskeie deursigtige dele.<\/p>\n<\/div>\n<\/div><\/div><\/div><div id=\"pgc-1228-9-1\"  class=\"panel-grid-cell\" ><div id=\"panel-1228-9-1-0\" class=\"so-panel widget widget_sow-image panel-first-child panel-last-child\" data-index=\"18\" ><div class=\"so-widget-sow-image so-widget-sow-image-default-d6014b76747a\">\n\n<div class=\"sow-image-container\">\n\t<img src=\"http:\/\/www.maskamwater.com\/wp-content\/uploads\/2017\/01\/UV-C_lamp_smartpintech.jpg\" width=\"99\" height=\"155\" srcset=\"http:\/\/www.maskamwater.com\/wp-content\/uploads\/2017\/01\/UV-C_lamp_smartpintech.jpg 99w, http:\/\/www.maskamwater.com\/wp-content\/uploads\/2017\/01\/UV-C_lamp_smartpintech-32x50.jpg 32w\" sizes=\"(max-width: 99px) 100vw, 99px\" alt=\"\" \t\tclass=\"so-widget-image\"\/>\n<\/div>\n\n<\/div><\/div><\/div><\/div><\/div>","protected":false},"excerpt":{"rendered":"<p>The lamps in a UV-C purifier should be replaced annually for optimal disinfection performances.\u00a0To replace these lamps, VGE International has a wide range of high quality UV-C lamps for\u00a0nearly all UV-C purifiers. For the professional market it&#8217;s also possible to<\/p>","protected":false},"author":3,"featured_media":0,"parent":1095,"menu_order":0,"comment_status":"closed","ping_status":"closed","template":"","meta":{"_monsterinsights_skip_tracking":false,"_monsterinsights_sitenote_active":false,"_monsterinsights_sitenote_note":"","_monsterinsights_sitenote_category":0},"wppr_data":{"cwp_meta_box_check":"No"},"_links":{"self":[{"href":"http:\/\/www.maskamwater.com\/af\/wp-json\/wp\/v2\/pages\/1228"}],"collection":[{"href":"http:\/\/www.maskamwater.com\/af\/wp-json\/wp\/v2\/pages"}],"about":[{"href":"http:\/\/www.maskamwater.com\/af\/wp-json\/wp\/v2\/types\/page"}],"author":[{"embeddable":true,"href":"http:\/\/www.maskamwater.com\/af\/wp-json\/wp\/v2\/users\/3"}],"replies":[{"embeddable":true,"href":"http:\/\/www.maskamwater.com\/af\/wp-json\/wp\/v2\/comments?post=1228"}],"version-history":[{"count":5,"href":"http:\/\/www.maskamwater.com\/af\/wp-json\/wp\/v2\/pages\/1228\/revisions"}],"predecessor-version":[{"id":4906,"href":"http:\/\/www.maskamwater.com\/af\/wp-json\/wp\/v2\/pages\/1228\/revisions\/4906"}],"up":[{"embeddable":true,"href":"http:\/\/www.maskamwater.com\/af\/wp-json\/wp\/v2\/pages\/1095"}],"wp:attachment":[{"href":"http:\/\/www.maskamwater.com\/af\/wp-json\/wp\/v2\/media?parent=1228"}],"curies":[{"name":"wp","href":"https:\/\/api.w.org\/{rel}","templated":true}]}}